{"id":862,"date":"2020-07-20T15:55:06","date_gmt":"2020-07-20T13:55:06","guid":{"rendered":"https:\/\/mways.sk\/gallery\/fotky-jedal\/"},"modified":"2023-06-15T23:13:27","modified_gmt":"2023-06-15T21:13:27","slug":"fotky-jedal","status":"publish","type":"page","link":"https:\/\/mways.sk\/en\/gallery\/fotky-jedal\/","title":{"rendered":"Food gallery"},"content":{"rendered":"","protected":false},"excerpt":{"rendered":"","protected":false},"author":1,"featured_media":0,"parent":853,"menu_order":0,"comment_status":"closed","ping_status":"closed","template":"pages\/galeria.php","meta":[],"acf":[],"yoast_head":"<!-- This site is optimized with the Yoast SEO plugin v20.9 - https:\/\/yoast.com\/wordpress\/plugins\/seo\/ -->\n<title>Food gallery | MyWays<\/title>\n<meta name=\"description\" content=\"Tirolsk\u00e1 izba je vyh\u013ead\u00e1van\u00fdm miestom pre gurm\u00e1nov a n\u00e1ro\u010dn\u00fdch z\u00e1kazn\u00edkov, ktor\u00ed si radi posedia v pr\u00edjemnom prostred\u00ed a pochutia si na \u0161pecialit\u00e1ch na\u0161ich kuch\u00e1rov.\" \/>\n<meta name=\"robots\" content=\"index, follow, max-snippet:-1, max-image-preview:large, max-video-preview:-1\" \/>\n<link rel=\"canonical\" href=\"https:\/\/mways.sk\/en\/gallery\/fotky-jedal\/\" \/>\n<meta property=\"og:locale\" content=\"en_US\" \/>\n<meta property=\"og:type\" content=\"article\" \/>\n<meta property=\"og:title\" content=\"Food gallery | MyWays\" \/>\n<meta property=\"og:description\" content=\"Tirolsk\u00e1 izba je vyh\u013ead\u00e1van\u00fdm miestom pre gurm\u00e1nov a n\u00e1ro\u010dn\u00fdch z\u00e1kazn\u00edkov, ktor\u00ed si radi posedia v pr\u00edjemnom prostred\u00ed a pochutia si na \u0161pecialit\u00e1ch na\u0161ich kuch\u00e1rov.\" \/>\n<meta property=\"og:url\" content=\"https:\/\/mways.sk\/en\/gallery\/fotky-jedal\/\" \/>\n<meta property=\"og:site_name\" content=\"MyWays\" \/>\n<meta property=\"article:modified_time\" content=\"2023-06-15T21:13:27+00:00\" \/>\n<meta name=\"twitter:card\" content=\"summary_large_image\" \/>\n<script type=\"application\/ld+json\" class=\"yoast-schema-graph\">{\"@context\":\"https:\/\/schema.org\",\"@graph\":[{\"@type\":\"WebPage\",\"@id\":\"https:\/\/mways.sk\/en\/gallery\/fotky-jedal\/\",\"url\":\"https:\/\/mways.sk\/en\/gallery\/fotky-jedal\/\",\"name\":\"Food gallery | MyWays\",\"isPartOf\":{\"@id\":\"https:\/\/mways.sk\/en\/#website\"},\"datePublished\":\"2020-07-20T13:55:06+00:00\",\"dateModified\":\"2023-06-15T21:13:27+00:00\",\"description\":\"Tirolsk\u00e1 izba je vyh\u013ead\u00e1van\u00fdm miestom pre gurm\u00e1nov a n\u00e1ro\u010dn\u00fdch z\u00e1kazn\u00edkov, ktor\u00ed si radi posedia v pr\u00edjemnom prostred\u00ed a pochutia si na \u0161pecialit\u00e1ch na\u0161ich kuch\u00e1rov.\",\"breadcrumb\":{\"@id\":\"https:\/\/mways.sk\/en\/gallery\/fotky-jedal\/#breadcrumb\"},\"inLanguage\":\"en-US\",\"potentialAction\":[{\"@type\":\"ReadAction\",\"target\":[\"https:\/\/mways.sk\/en\/gallery\/fotky-jedal\/\"]}]},{\"@type\":\"BreadcrumbList\",\"@id\":\"https:\/\/mways.sk\/en\/gallery\/fotky-jedal\/#breadcrumb\",\"itemListElement\":[{\"@type\":\"ListItem\",\"position\":1,\"name\":\"Domov\",\"item\":\"https:\/\/mways.sk\/en\/\"},{\"@type\":\"ListItem\",\"position\":2,\"name\":\"Gallery\",\"item\":\"https:\/\/mways.sk\/en\/galeria\/\"},{\"@type\":\"ListItem\",\"position\":3,\"name\":\"Food gallery\"}]},{\"@type\":\"WebSite\",\"@id\":\"https:\/\/mways.sk\/en\/#website\",\"url\":\"https:\/\/mways.sk\/en\/\",\"name\":\"MyWays\",\"description\":\"\",\"publisher\":{\"@id\":\"https:\/\/mways.sk\/en\/#organization\"},\"potentialAction\":[{\"@type\":\"SearchAction\",\"target\":{\"@type\":\"EntryPoint\",\"urlTemplate\":\"https:\/\/mways.sk\/en\/?s={search_term_string}\"},\"query-input\":\"required name=search_term_string\"}],\"inLanguage\":\"en-US\"},{\"@type\":\"Organization\",\"@id\":\"https:\/\/mways.sk\/en\/#organization\",\"name\":\"Tirolsk\u00e1 izba\",\"url\":\"https:\/\/mways.sk\/en\/\",\"logo\":{\"@type\":\"ImageObject\",\"inLanguage\":\"en-US\",\"@id\":\"https:\/\/mways.sk\/en\/#\/schema\/logo\/image\/\",\"url\":\"https:\/\/mways.sk\/wp-content\/uploads\/2020\/08\/Tirolska-izba_Logo_RGB_Color-Negativ1.png\",\"contentUrl\":\"https:\/\/mways.sk\/wp-content\/uploads\/2020\/08\/Tirolska-izba_Logo_RGB_Color-Negativ1.png\",\"width\":572,\"height\":538,\"caption\":\"Tirolsk\u00e1 izba\"},\"image\":{\"@id\":\"https:\/\/mways.sk\/en\/#\/schema\/logo\/image\/\"}}]}<\/script>\n<!-- \/ Yoast SEO plugin. -->","yoast_head_json":{"title":"Food gallery | MyWays","description":"Tirolsk\u00e1 izba je vyh\u013ead\u00e1van\u00fdm miestom pre gurm\u00e1nov a n\u00e1ro\u010dn\u00fdch z\u00e1kazn\u00edkov, ktor\u00ed si radi posedia v pr\u00edjemnom prostred\u00ed a pochutia si na \u0161pecialit\u00e1ch na\u0161ich kuch\u00e1rov.","robots":{"index":"index","follow":"follow","max-snippet":"max-snippet:-1","max-image-preview":"max-image-preview:large","max-video-preview":"max-video-preview:-1"},"canonical":"https:\/\/mways.sk\/en\/gallery\/fotky-jedal\/","og_locale":"en_US","og_type":"article","og_title":"Food gallery | MyWays","og_description":"Tirolsk\u00e1 izba je vyh\u013ead\u00e1van\u00fdm miestom pre gurm\u00e1nov a n\u00e1ro\u010dn\u00fdch z\u00e1kazn\u00edkov, ktor\u00ed si radi posedia v pr\u00edjemnom prostred\u00ed a pochutia si na \u0161pecialit\u00e1ch na\u0161ich kuch\u00e1rov.","og_url":"https:\/\/mways.sk\/en\/gallery\/fotky-jedal\/","og_site_name":"MyWays","article_modified_time":"2023-06-15T21:13:27+00:00","twitter_card":"summary_large_image","schema":{"@context":"https:\/\/schema.org","@graph":[{"@type":"WebPage","@id":"https:\/\/mways.sk\/en\/gallery\/fotky-jedal\/","url":"https:\/\/mways.sk\/en\/gallery\/fotky-jedal\/","name":"Food gallery | MyWays","isPartOf":{"@id":"https:\/\/mways.sk\/en\/#website"},"datePublished":"2020-07-20T13:55:06+00:00","dateModified":"2023-06-15T21:13:27+00:00","description":"Tirolsk\u00e1 izba je vyh\u013ead\u00e1van\u00fdm miestom pre gurm\u00e1nov a n\u00e1ro\u010dn\u00fdch z\u00e1kazn\u00edkov, ktor\u00ed si radi posedia v pr\u00edjemnom prostred\u00ed a pochutia si na \u0161pecialit\u00e1ch na\u0161ich kuch\u00e1rov.","breadcrumb":{"@id":"https:\/\/mways.sk\/en\/gallery\/fotky-jedal\/#breadcrumb"},"inLanguage":"en-US","potentialAction":[{"@type":"ReadAction","target":["https:\/\/mways.sk\/en\/gallery\/fotky-jedal\/"]}]},{"@type":"BreadcrumbList","@id":"https:\/\/mways.sk\/en\/gallery\/fotky-jedal\/#breadcrumb","itemListElement":[{"@type":"ListItem","position":1,"name":"Domov","item":"https:\/\/mways.sk\/en\/"},{"@type":"ListItem","position":2,"name":"Gallery","item":"https:\/\/mways.sk\/en\/galeria\/"},{"@type":"ListItem","position":3,"name":"Food gallery"}]},{"@type":"WebSite","@id":"https:\/\/mways.sk\/en\/#website","url":"https:\/\/mways.sk\/en\/","name":"MyWays","description":"","publisher":{"@id":"https:\/\/mways.sk\/en\/#organization"},"potentialAction":[{"@type":"SearchAction","target":{"@type":"EntryPoint","urlTemplate":"https:\/\/mways.sk\/en\/?s={search_term_string}"},"query-input":"required name=search_term_string"}],"inLanguage":"en-US"},{"@type":"Organization","@id":"https:\/\/mways.sk\/en\/#organization","name":"Tirolsk\u00e1 izba","url":"https:\/\/mways.sk\/en\/","logo":{"@type":"ImageObject","inLanguage":"en-US","@id":"https:\/\/mways.sk\/en\/#\/schema\/logo\/image\/","url":"https:\/\/mways.sk\/wp-content\/uploads\/2020\/08\/Tirolska-izba_Logo_RGB_Color-Negativ1.png","contentUrl":"https:\/\/mways.sk\/wp-content\/uploads\/2020\/08\/Tirolska-izba_Logo_RGB_Color-Negativ1.png","width":572,"height":538,"caption":"Tirolsk\u00e1 izba"},"image":{"@id":"https:\/\/mways.sk\/en\/#\/schema\/logo\/image\/"}}]}},"_links":{"self":[{"href":"https:\/\/mways.sk\/en\/wp-json\/wp\/v2\/pages\/862"}],"collection":[{"href":"https:\/\/mways.sk\/en\/wp-json\/wp\/v2\/pages"}],"about":[{"href":"https:\/\/mways.sk\/en\/wp-json\/wp\/v2\/types\/page"}],"author":[{"embeddable":true,"href":"https:\/\/mways.sk\/en\/wp-json\/wp\/v2\/users\/1"}],"replies":[{"embeddable":true,"href":"https:\/\/mways.sk\/en\/wp-json\/wp\/v2\/comments?post=862"}],"version-history":[{"count":2,"href":"https:\/\/mways.sk\/en\/wp-json\/wp\/v2\/pages\/862\/revisions"}],"predecessor-version":[{"id":2392,"href":"https:\/\/mways.sk\/en\/wp-json\/wp\/v2\/pages\/862\/revisions\/2392"}],"up":[{"embeddable":true,"href":"https:\/\/mways.sk\/en\/wp-json\/wp\/v2\/pages\/853"}],"wp:attachment":[{"href":"https:\/\/mways.sk\/en\/wp-json\/wp\/v2\/media?parent=862"}],"curies":[{"name":"wp","href":"https:\/\/api.w.org\/{rel}","templated":true}]}}